{"id":1548,"date":"2024-04-17T07:48:03","date_gmt":"2024-04-17T07:48:03","guid":{"rendered":"https:\/\/gutz-dc.de\/?page_id=1548"},"modified":"2024-09-04T19:52:33","modified_gmt":"2024-09-04T19:52:33","slug":"archiv","status":"publish","type":"page","link":"https:\/\/gutz-dc.de\/index.php\/archiv\/","title":{"rendered":"Archiv"},"content":{"rendered":"\t\t<div data-elementor-type=\"wp-page\" data-elementor-id=\"1548\" class=\"elementor elementor-1548\">\n\t\t\t\t\t\t<section class=\"elementor-section elementor-top-section elementor-element elementor-element-a97cf48 elementor-section-boxed elementor-section-height-default elementor-section-height-default\" data-id=\"a97cf48\" data-element_type=\"section\" data-e-type=\"section\">\n\t\t\t\t\t\t<div class=\"elementor-container elementor-column-gap-default\">\n\t\t\t\t\t<div class=\"elementor-column elementor-col-100 elementor-top-column elementor-element elementor-element-a2fe88f\" data-id=\"a2fe88f\" data-element_type=\"column\" data-e-type=\"column\">\n\t\t\t<div class=\"elementor-widget-wrap elementor-element-populated\">\n\t\t\t\t\t\t<div class=\"elementor-element elementor-element-f3b6a8e elementor-widget elementor-widget-text-editor\" data-id=\"f3b6a8e\" data-element_type=\"widget\" data-e-type=\"widget\" data-widget_type=\"text-editor.default\">\n\t\t\t\t<div class=\"elementor-widget-container\">\n\t\t\t\t\t\t\t\t\t<p>In unseren Archiv befinden sich vergangene Turniere oder auch Daten aus \u00e4lteren Saison. Viel Spa\u00df beim st\u00f6bern und analysieren.<\/p>\t\t\t\t\t\t\t\t<\/div>\n\t\t\t\t<\/div>\n\t\t\t\t\t<\/div>\n\t\t<\/div>\n\t\t\t\t\t<\/div>\n\t\t<\/section>\n\t\t\t\t<\/div>\n\t\t","protected":false},"excerpt":{"rendered":"<p>In unseren Archiv befinden sich vergangene Turniere oder auch Daten aus \u00e4lteren Saison. Viel Spa\u00df beim st\u00f6bern und analysieren.<\/p>\n","protected":false},"author":1,"featured_media":0,"parent":0,"menu_order":0,"comment_status":"closed","ping_status":"closed","template":"","meta":{"footnotes":""},"class_list":["post-1548","page","type-page","status-publish","hentry"],"jetpack_sharing_enabled":true,"_links":{"self":[{"href":"https:\/\/gutz-dc.de\/index.php\/wp-json\/wp\/v2\/pages\/1548","targetHints":{"allow":["GET"]}}],"collection":[{"href":"https:\/\/gutz-dc.de\/index.php\/wp-json\/wp\/v2\/pages"}],"about":[{"href":"https:\/\/gutz-dc.de\/index.php\/wp-json\/wp\/v2\/types\/page"}],"author":[{"embeddable":true,"href":"https:\/\/gutz-dc.de\/index.php\/wp-json\/wp\/v2\/users\/1"}],"replies":[{"embeddable":true,"href":"https:\/\/gutz-dc.de\/index.php\/wp-json\/wp\/v2\/comments?post=1548"}],"version-history":[{"count":4,"href":"https:\/\/gutz-dc.de\/index.php\/wp-json\/wp\/v2\/pages\/1548\/revisions"}],"predecessor-version":[{"id":1777,"href":"https:\/\/gutz-dc.de\/index.php\/wp-json\/wp\/v2\/pages\/1548\/revisions\/1777"}],"wp:attachment":[{"href":"https:\/\/gutz-dc.de\/index.php\/wp-json\/wp\/v2\/media?parent=1548"}],"curies":[{"name":"wp","href":"https:\/\/api.w.org\/{rel}","templated":true}]}}