{"id":269,"date":"2022-03-01T07:32:40","date_gmt":"2022-03-01T07:32:40","guid":{"rendered":"https:\/\/gutz-dc.de\/?page_id=269"},"modified":"2024-09-04T19:20:30","modified_gmt":"2024-09-04T19:20:30","slug":"spielbetrieb","status":"publish","type":"page","link":"https:\/\/gutz-dc.de\/index.php\/spielbetrieb\/","title":{"rendered":"Spielbetrieb"},"content":{"rendered":"\t\t<div data-elementor-type=\"wp-page\" data-elementor-id=\"269\" class=\"elementor elementor-269\">\n\t\t\t\t\t\t<section class=\"elementor-section elementor-top-section elementor-element elementor-element-d3e296e elementor-section-boxed elementor-section-height-default elementor-section-height-default\" data-id=\"d3e296e\" data-element_type=\"section\" data-e-type=\"section\">\n\t\t\t\t\t\t<div class=\"elementor-container elementor-column-gap-default\">\n\t\t\t\t\t<div class=\"elementor-column elementor-col-50 elementor-top-column elementor-element elementor-element-dd43569\" data-id=\"dd43569\" data-element_type=\"column\" data-e-type=\"column\">\n\t\t\t<div class=\"elementor-widget-wrap elementor-element-populated\">\n\t\t\t\t\t\t<div class=\"elementor-element elementor-element-2b27d59 elementor-widget elementor-widget-spacer\" data-id=\"2b27d59\" data-element_type=\"widget\" data-e-type=\"widget\" data-widget_type=\"spacer.default\">\n\t\t\t\t<div class=\"elementor-widget-container\">\n\t\t\t\t\t\t\t<div class=\"elementor-spacer\">\n\t\t\t<div class=\"elementor-spacer-inner\"><\/div>\n\t\t<\/div>\n\t\t\t\t\t\t<\/div>\n\t\t\t\t<\/div>\n\t\t\t\t<div class=\"elementor-element elementor-element-dc1b049 elementor-widget elementor-widget-text-editor\" data-id=\"dc1b049\" data-element_type=\"widget\" data-e-type=\"widget\" data-widget_type=\"text-editor.default\">\n\t\t\t\t<div class=\"elementor-widget-container\">\n\t\t\t\t\t\t\t\t\t<div>Unser Verein ist im Spielbetrieb der MDSL (Mitteldeutschen Steeldartliga) aktiv.\u00a0<br \/>Sowohl im Ligabetrieb als auch im Landespokal Mitteldeutschland, ist es unser Ziel so h\u00e4ufig wie m\u00f6glich das Oche nach fairen Spielen siegreich zu verlassen.<\/div>\t\t\t\t\t\t\t\t<\/div>\n\t\t\t\t<\/div>\n\t\t\t\t\t<\/div>\n\t\t<\/div>\n\t\t\t\t<div class=\"elementor-column elementor-col-50 elementor-top-column elementor-element elementor-element-b5f328a\" data-id=\"b5f328a\" data-element_type=\"column\" data-e-type=\"column\">\n\t\t\t<div class=\"elementor-widget-wrap elementor-element-populated\">\n\t\t\t\t\t\t<div class=\"elementor-element elementor-element-dc4c98b elementor-widget elementor-widget-image\" data-id=\"dc4c98b\" data-element_type=\"widget\" data-e-type=\"widget\" data-widget_type=\"image.default\">\n\t\t\t\t<div class=\"elementor-widget-container\">\n\t\t\t\t\t\t\t\t\t\t\t\t\t\t\t<img fetchpriority=\"high\" decoding=\"async\" width=\"960\" height=\"960\" src=\"https:\/\/i0.wp.com\/gutz-dc.de\/wp-content\/uploads\/2023\/03\/MDSL_Schwarz-2.jpg?fit=960%2C960&amp;ssl=1\" class=\"attachment-large size-large wp-image-866\" alt=\"\" srcset=\"https:\/\/i0.wp.com\/gutz-dc.de\/wp-content\/uploads\/2023\/03\/MDSL_Schwarz-2.jpg?w=1170&amp;ssl=1 1170w, https:\/\/i0.wp.com\/gutz-dc.de\/wp-content\/uploads\/2023\/03\/MDSL_Schwarz-2.jpg?resize=300%2C300&amp;ssl=1 300w, https:\/\/i0.wp.com\/gutz-dc.de\/wp-content\/uploads\/2023\/03\/MDSL_Schwarz-2.jpg?resize=1024%2C1024&amp;ssl=1 1024w, https:\/\/i0.wp.com\/gutz-dc.de\/wp-content\/uploads\/2023\/03\/MDSL_Schwarz-2.jpg?resize=150%2C150&amp;ssl=1 150w, https:\/\/i0.wp.com\/gutz-dc.de\/wp-content\/uploads\/2023\/03\/MDSL_Schwarz-2.jpg?resize=768%2C768&amp;ssl=1 768w, https:\/\/i0.wp.com\/gutz-dc.de\/wp-content\/uploads\/2023\/03\/MDSL_Schwarz-2.jpg?resize=1140%2C1140&amp;ssl=1 1140w, https:\/\/i0.wp.com\/gutz-dc.de\/wp-content\/uploads\/2023\/03\/MDSL_Schwarz-2.jpg?resize=75%2C75&amp;ssl=1 75w\" sizes=\"(max-width: 960px) 100vw, 960px\" \/>\t\t\t\t\t\t\t\t\t\t\t\t\t\t\t<\/div>\n\t\t\t\t<\/div>\n\t\t\t\t<div class=\"elementor-element elementor-element-ab21baf elementor-widget elementor-widget-spacer\" data-id=\"ab21baf\" data-element_type=\"widget\" data-e-type=\"widget\" data-widget_type=\"spacer.default\">\n\t\t\t\t<div class=\"elementor-widget-container\">\n\t\t\t\t\t\t\t<div class=\"elementor-spacer\">\n\t\t\t<div class=\"elementor-spacer-inner\"><\/div>\n\t\t<\/div>\n\t\t\t\t\t\t<\/div>\n\t\t\t\t<\/div>\n\t\t\t\t\t<\/div>\n\t\t<\/div>\n\t\t\t\t\t<\/div>\n\t\t<\/section>\n\t\t\t\t<section class=\"elementor-section elementor-top-section elementor-element elementor-element-d476a05 elementor-section-boxed elementor-section-height-default elementor-section-height-default\" data-id=\"d476a05\" data-element_type=\"section\" data-e-type=\"section\">\n\t\t\t\t\t\t<div class=\"elementor-container elementor-column-gap-default\">\n\t\t\t\t\t<div class=\"elementor-column elementor-col-50 elementor-top-column elementor-element elementor-element-dba59da\" data-id=\"dba59da\" data-element_type=\"column\" data-e-type=\"column\">\n\t\t\t<div class=\"elementor-widget-wrap elementor-element-populated\">\n\t\t\t\t\t\t<div class=\"elementor-element elementor-element-26c3e59 elementor-widget elementor-widget-spacer\" data-id=\"26c3e59\" data-element_type=\"widget\" data-e-type=\"widget\" data-widget_type=\"spacer.default\">\n\t\t\t\t<div class=\"elementor-widget-container\">\n\t\t\t\t\t\t\t<div class=\"elementor-spacer\">\n\t\t\t<div class=\"elementor-spacer-inner\"><\/div>\n\t\t<\/div>\n\t\t\t\t\t\t<\/div>\n\t\t\t\t<\/div>\n\t\t\t\t<div class=\"elementor-element elementor-element-1036a8c elementor-widget elementor-widget-image\" data-id=\"1036a8c\" data-element_type=\"widget\" data-e-type=\"widget\" data-widget_type=\"image.default\">\n\t\t\t\t<div class=\"elementor-widget-container\">\n\t\t\t\t\t\t\t\t\t\t\t\t\t\t\t<img decoding=\"async\" width=\"133\" height=\"167\" src=\"https:\/\/i0.wp.com\/gutz-dc.de\/wp-content\/uploads\/2024\/09\/image-e1725477326945.png?fit=133%2C167&amp;ssl=1\" class=\"attachment-large size-large wp-image-1750\" alt=\"\" \/>\t\t\t\t\t\t\t\t\t\t\t\t\t\t\t<\/div>\n\t\t\t\t<\/div>\n\t\t\t\t\t<\/div>\n\t\t<\/div>\n\t\t\t\t<div class=\"elementor-column elementor-col-50 elementor-top-column elementor-element elementor-element-8092473\" data-id=\"8092473\" data-element_type=\"column\" data-e-type=\"column\">\n\t\t\t<div class=\"elementor-widget-wrap elementor-element-populated\">\n\t\t\t\t\t\t<div class=\"elementor-element elementor-element-6e67663 elementor-widget elementor-widget-text-editor\" data-id=\"6e67663\" data-element_type=\"widget\" data-e-type=\"widget\" data-widget_type=\"text-editor.default\">\n\t\t\t\t<div class=\"elementor-widget-container\">\n\t\t\t\t\t\t\t\t\t<div>Au\u00dferdem haben wir im Jahr 2023 erstmals an der S\u00e4chsischen Mannschaftsmeisterschaft teilgenommen und konnten uns zum &#8222;Sachsenmeister&#8220; kr\u00f6nen.<\/div><div>\u00a0<\/div><div>Neben diesen Mannschaftswettbewerben vertreten regelm\u00e4\u00dfig Mitglieder die schwarz-gelben Vereinsfarben bei Ranglistenturnieren des SDV, in der Spieler- bzw. Premiumliga der MDSL und der Spielerliga Dresden, sowie verschiedenen anderen offenen Turnieren.<\/div>\t\t\t\t\t\t\t\t<\/div>\n\t\t\t\t<\/div>\n\t\t\t\t\t<\/div>\n\t\t<\/div>\n\t\t\t\t\t<\/div>\n\t\t<\/section>\n\t\t\t\t<\/div>\n\t\t","protected":false},"excerpt":{"rendered":"<p>Unser Verein ist im Spielbetrieb der MDSL (Mitteldeutschen Steeldartliga) aktiv.\u00a0Sowohl im Ligabetrieb als auch im Landespokal Mitteldeutschland, ist es unser Ziel so h\u00e4ufig wie m\u00f6glich das Oche nach fairen Spielen siegreich zu verlassen. Au\u00dferdem haben wir im Jahr 2023 erstmals an der S\u00e4chsischen Mannschaftsmeisterschaft teilgenommen und konnten uns zum &#8222;Sachsenmeister&#8220; kr\u00f6nen.\u00a0Neben diesen Mannschaftswettbewerben vertreten regelm\u00e4\u00dfig Mitglieder die schwarz-gelben Vereinsfarben bei Ranglistenturnieren des SDV, in der Spieler- bzw. Premiumliga der MDSL und der Spielerliga Dresden, sowie verschiedenen anderen offenen Turnieren.<\/p>\n","protected":false},"author":1,"featured_media":0,"parent":0,"menu_order":0,"comment_status":"closed","ping_status":"closed","template":"","meta":{"footnotes":""},"class_list":["post-269","page","type-page","status-publish","hentry"],"jetpack_sharing_enabled":true,"_links":{"self":[{"href":"https:\/\/gutz-dc.de\/index.php\/wp-json\/wp\/v2\/pages\/269","targetHints":{"allow":["GET"]}}],"collection":[{"href":"https:\/\/gutz-dc.de\/index.php\/wp-json\/wp\/v2\/pages"}],"about":[{"href":"https:\/\/gutz-dc.de\/index.php\/wp-json\/wp\/v2\/types\/page"}],"author":[{"embeddable":true,"href":"https:\/\/gutz-dc.de\/index.php\/wp-json\/wp\/v2\/users\/1"}],"replies":[{"embeddable":true,"href":"https:\/\/gutz-dc.de\/index.php\/wp-json\/wp\/v2\/comments?post=269"}],"version-history":[{"count":52,"href":"https:\/\/gutz-dc.de\/index.php\/wp-json\/wp\/v2\/pages\/269\/revisions"}],"predecessor-version":[{"id":1757,"href":"https:\/\/gutz-dc.de\/index.php\/wp-json\/wp\/v2\/pages\/269\/revisions\/1757"}],"wp:attachment":[{"href":"https:\/\/gutz-dc.de\/index.php\/wp-json\/wp\/v2\/media?parent=269"}],"curies":[{"name":"wp","href":"https:\/\/api.w.org\/{rel}","templated":true}]}}