{"id":64,"date":"2021-04-05T10:36:17","date_gmt":"2021-04-05T10:36:17","guid":{"rendered":"https:\/\/gutz-dc.de\/?page_id=64"},"modified":"2025-07-21T16:17:41","modified_gmt":"2025-07-21T16:17:41","slug":"sponsoren","status":"publish","type":"page","link":"https:\/\/gutz-dc.de\/index.php\/sponsoren\/","title":{"rendered":"Spenden-Checkout"},"content":{"rendered":"\t\t<div data-elementor-type=\"wp-page\" data-elementor-id=\"64\" class=\"elementor elementor-64\">\n\t\t\t\t\t\t<section class=\"elementor-section elementor-top-section elementor-element elementor-element-481d718 elementor-section-boxed elementor-section-height-default elementor-section-height-default\" data-id=\"481d718\" data-element_type=\"section\" data-e-type=\"section\">\n\t\t\t\t\t\t<div class=\"elementor-container elementor-column-gap-default\">\n\t\t\t\t\t<div class=\"elementor-column elementor-col-100 elementor-top-column elementor-element elementor-element-2b85fe2\" data-id=\"2b85fe2\" data-element_type=\"column\" data-e-type=\"column\">\n\t\t\t<div class=\"elementor-widget-wrap elementor-element-populated\">\n\t\t\t\t\t\t<div class=\"elementor-element elementor-element-88bdcc1 elementor-widget elementor-widget-text-editor\" data-id=\"88bdcc1\" data-element_type=\"widget\" data-e-type=\"widget\" data-widget_type=\"text-editor.default\">\n\t\t\t\t<div class=\"elementor-widget-container\">\n\t\t\t\t\t\t\t\t\t<p>Der Zweck unseres Vereins, niedergeschrieben in der Satzung, ist die F\u00f6rderung des Dartsports.\u00a0<br \/><span style=\"color: var( --e-global-color-text ); font-family: var( --e-global-typography-text-font-family ), Sans-serif; font-size: var( --e-global-typography-text-font-size ); letter-spacing: var( --e-global-typography-text-letter-spacing );\">Um die positive Entwicklung rund um unseren Verein und den Dartsport in Dresden auch in Zukunft weiter voranzubringen, freuen auch wir uns \u00fcber jegliche externe Unterst\u00fctzung.<\/span><\/p><p>Hierf\u00fcr bieten wir durch das &#8222;Spenden-Checkout&#8220; die M\u00f6glichkeit, unseren GUTZ DC e.V. mit kleinen und gro\u00dfen Betr\u00e4gen zu supporten.<\/p><p>Wie funktioniert es?<br \/>Du suchst dir dein Lieblingsfinish oder eine Zahl, welche du unbedingt mal checken m\u00f6chtest und spendest uns diesen Betrag an unser Vereinskonto:<br \/>\u00a0 \u00a0 \u00a0 Inhaber: GUTZ DC e.V.<br \/>\u00a0 \u00a0 \u00a0 IBAN: DE19 8505 0300 0221 2285 35<br \/>\u00a0 \u00a0 \u00a0 Verwendungszweck: Spenden Checkout<\/p><p><span style=\"color: var( --e-global-color-text ); font-family: var( --e-global-typography-text-font-family ), Sans-serif; font-size: var( --e-global-typography-text-font-size ); letter-spacing: var( --e-global-typography-text-letter-spacing );\">Gern stellen wir dir im Gegenzug eine Spendenbescheinigung aus und als Dank wird dein Name, sofern du damit einverstanden bist, auf unserer Spenden-Checkout Tafel verewigt.<\/span><\/p><p><span style=\"color: var( --e-global-color-text ); font-family: var( --e-global-typography-text-font-family ), Sans-serif; font-size: var( --e-global-typography-text-font-size ); letter-spacing: var( --e-global-typography-text-letter-spacing );\">Das Geld wird ausschlie\u00dflich f\u00fcr den Zweck unseres Vereins verwendet!<\/span><\/p><p>Die Spendentafel h\u00e4ngt in materieller Form in unserer Spielst\u00e4tte.<\/p>\t\t\t\t\t\t\t\t<\/div>\n\t\t\t\t<\/div>\n\t\t\t\t<div class=\"elementor-element elementor-element-e23677b elementor-widget elementor-widget-image\" data-id=\"e23677b\" data-element_type=\"widget\" data-e-type=\"widget\" data-widget_type=\"image.default\">\n\t\t\t\t<div class=\"elementor-widget-container\">\n\t\t\t\t\t\t\t\t\t\t\t\t\t\t\t<img fetchpriority=\"high\" decoding=\"async\" width=\"863\" height=\"1024\" src=\"https:\/\/i0.wp.com\/gutz-dc.de\/wp-content\/uploads\/2025\/07\/IMG_4900-2-scaled.jpg?fit=863%2C1024&amp;ssl=1\" class=\"attachment-large size-large wp-image-2173\" alt=\"\" srcset=\"https:\/\/i0.wp.com\/gutz-dc.de\/wp-content\/uploads\/2025\/07\/IMG_4900-2-scaled.jpg?w=2157&amp;ssl=1 2157w, https:\/\/i0.wp.com\/gutz-dc.de\/wp-content\/uploads\/2025\/07\/IMG_4900-2-scaled.jpg?resize=253%2C300&amp;ssl=1 253w, https:\/\/i0.wp.com\/gutz-dc.de\/wp-content\/uploads\/2025\/07\/IMG_4900-2-scaled.jpg?resize=863%2C1024&amp;ssl=1 863w, https:\/\/i0.wp.com\/gutz-dc.de\/wp-content\/uploads\/2025\/07\/IMG_4900-2-scaled.jpg?resize=768%2C911&amp;ssl=1 768w, https:\/\/i0.wp.com\/gutz-dc.de\/wp-content\/uploads\/2025\/07\/IMG_4900-2-scaled.jpg?resize=1294%2C1536&amp;ssl=1 1294w, https:\/\/i0.wp.com\/gutz-dc.de\/wp-content\/uploads\/2025\/07\/IMG_4900-2-scaled.jpg?resize=1726%2C2048&amp;ssl=1 1726w, https:\/\/i0.wp.com\/gutz-dc.de\/wp-content\/uploads\/2025\/07\/IMG_4900-2-scaled.jpg?resize=1140%2C1353&amp;ssl=1 1140w, https:\/\/i0.wp.com\/gutz-dc.de\/wp-content\/uploads\/2025\/07\/IMG_4900-2-scaled.jpg?w=1920&amp;ssl=1 1920w\" sizes=\"(max-width: 863px) 100vw, 863px\" \/>\t\t\t\t\t\t\t\t\t\t\t\t\t\t\t<\/div>\n\t\t\t\t<\/div>\n\t\t\t\t<div class=\"elementor-element elementor-element-682ced7 elementor-widget-divider--view-line elementor-widget elementor-widget-divider\" data-id=\"682ced7\" data-element_type=\"widget\" data-e-type=\"widget\" data-widget_type=\"divider.default\">\n\t\t\t\t<div class=\"elementor-widget-container\">\n\t\t\t\t\t\t\t<div class=\"elementor-divider\">\n\t\t\t<span class=\"elementor-divider-separator\">\n\t\t\t\t\t\t<\/span>\n\t\t<\/div>\n\t\t\t\t\t\t<\/div>\n\t\t\t\t<\/div>\n\t\t\t\t<div class=\"elementor-element elementor-element-3e1a290 elementor-widget elementor-widget-text-editor\" data-id=\"3e1a290\" data-element_type=\"widget\" data-e-type=\"widget\" data-widget_type=\"text-editor.default\">\n\t\t\t\t<div class=\"elementor-widget-container\">\n\t\t\t\t\t\t\t\t\t<p>Bei Fragen zu unserem Spenden Checkout oder zu anderen Unterst\u00fctzungsm\u00f6glichkeiten, kannst du uns gern per Mail kontaktieren an: vorstand@gutz-dc.de<\/p>\t\t\t\t\t\t\t\t<\/div>\n\t\t\t\t<\/div>\n\t\t\t\t\t<\/div>\n\t\t<\/div>\n\t\t\t\t\t<\/div>\n\t\t<\/section>\n\t\t\t\t<\/div>\n\t\t","protected":false},"excerpt":{"rendered":"<p>Der Zweck unseres Vereins, niedergeschrieben in der Satzung, ist die F\u00f6rderung des Dartsports.\u00a0Um die positive Entwicklung rund um unseren Verein und den Dartsport in Dresden auch in Zukunft weiter voranzubringen, freuen auch wir uns \u00fcber jegliche externe Unterst\u00fctzung. Hierf\u00fcr bieten wir durch das &#8222;Spenden-Checkout&#8220; die M\u00f6glichkeit, unseren GUTZ DC e.V. mit kleinen und gro\u00dfen Betr\u00e4gen zu supporten. Wie funktioniert es?Du suchst dir dein Lieblingsfinish oder eine Zahl, welche du unbedingt mal checken m\u00f6chtest und spendest uns diesen Betrag an unser Vereinskonto:\u00a0 \u00a0 \u00a0 Inhaber: GUTZ DC e.V.\u00a0 \u00a0 \u00a0 IBAN: DE19 8505 0300 0221 2285 35\u00a0 \u00a0 \u00a0 Verwendungszweck: Spenden Checkout Gern stellen wir dir im Gegenzug eine Spendenbescheinigung aus und als Dank wird dein Name, sofern du damit einverstanden bist, auf unserer Spenden-Checkout Tafel verewigt. Das Geld wird ausschlie\u00dflich f\u00fcr den Zweck unseres Vereins verwendet! Die Spendentafel h\u00e4ngt in materieller Form in unserer Spielst\u00e4tte. Bei Fragen zu unserem Spenden Checkout oder zu anderen Unterst\u00fctzungsm\u00f6glichkeiten, kannst du uns gern per Mail kontaktieren an: vorstand@gutz-dc.de<\/p>\n","protected":false},"author":1,"featured_media":0,"parent":0,"menu_order":0,"comment_status":"closed","ping_status":"closed","template":"","meta":{"footnotes":""},"class_list":["post-64","page","type-page","status-publish","hentry"],"jetpack_sharing_enabled":true,"_links":{"self":[{"href":"https:\/\/gutz-dc.de\/index.php\/wp-json\/wp\/v2\/pages\/64","targetHints":{"allow":["GET"]}}],"collection":[{"href":"https:\/\/gutz-dc.de\/index.php\/wp-json\/wp\/v2\/pages"}],"about":[{"href":"https:\/\/gutz-dc.de\/index.php\/wp-json\/wp\/v2\/types\/page"}],"author":[{"embeddable":true,"href":"https:\/\/gutz-dc.de\/index.php\/wp-json\/wp\/v2\/users\/1"}],"replies":[{"embeddable":true,"href":"https:\/\/gutz-dc.de\/index.php\/wp-json\/wp\/v2\/comments?post=64"}],"version-history":[{"count":70,"href":"https:\/\/gutz-dc.de\/index.php\/wp-json\/wp\/v2\/pages\/64\/revisions"}],"predecessor-version":[{"id":2176,"href":"https:\/\/gutz-dc.de\/index.php\/wp-json\/wp\/v2\/pages\/64\/revisions\/2176"}],"wp:attachment":[{"href":"https:\/\/gutz-dc.de\/index.php\/wp-json\/wp\/v2\/media?parent=64"}],"curies":[{"name":"wp","href":"https:\/\/api.w.org\/{rel}","templated":true}]}}