{"id":838,"date":"2023-03-30T20:25:15","date_gmt":"2023-03-30T20:25:15","guid":{"rendered":"https:\/\/gutz-dc.de\/?page_id=838"},"modified":"2023-03-31T09:08:03","modified_gmt":"2023-03-31T09:08:03","slug":"2021-2","status":"publish","type":"page","link":"https:\/\/gutz-dc.de\/index.php\/2021-2\/","title":{"rendered":"2021"},"content":{"rendered":"\t\t<div data-elementor-type=\"wp-page\" data-elementor-id=\"838\" class=\"elementor elementor-838\">\n\t\t\t\t\t\t<section class=\"elementor-section elementor-top-section elementor-element elementor-element-39766bc elementor-section-boxed elementor-section-height-default elementor-section-height-default\" data-id=\"39766bc\" data-element_type=\"section\" data-e-type=\"section\">\n\t\t\t\t\t\t<div class=\"elementor-container elementor-column-gap-default\">\n\t\t\t\t\t<div class=\"elementor-column elementor-col-100 elementor-top-column elementor-element elementor-element-075328c\" data-id=\"075328c\" data-element_type=\"column\" data-e-type=\"column\">\n\t\t\t<div class=\"elementor-widget-wrap elementor-element-populated\">\n\t\t\t\t\t\t<div class=\"elementor-element elementor-element-3f6322a elementor-widget elementor-widget-text-editor\" data-id=\"3f6322a\" data-element_type=\"widget\" data-e-type=\"widget\" data-widget_type=\"text-editor.default\">\n\t\t\t\t<div class=\"elementor-widget-container\">\n\t\t\t\t\t\t\t\t\t<p><strong>GUTZ DC WM<\/strong><\/p>\t\t\t\t\t\t\t\t<\/div>\n\t\t\t\t<\/div>\n\t\t\t\t<div class=\"elementor-element elementor-element-bc446ca elementor-widget elementor-widget-text-editor\" data-id=\"bc446ca\" data-element_type=\"widget\" data-e-type=\"widget\" data-widget_type=\"text-editor.default\">\n\t\t\t\t<div class=\"elementor-widget-container\">\n\t\t\t\t\t\t\t\t\t<p>Aufgrund der Corona-Pandemie wurde dieses Turnier im Online Format \u00fcber drei Wochen gespielt.\u00a0<br \/><span style=\"color: var( --e-global-color-text ); font-family: var( --e-global-typography-text-font-family ), Sans-serif; font-size: var( --e-global-typography-text-font-size ); letter-spacing: var( --e-global-typography-text-letter-spacing );\">40 Teilnehmer aus ganz Deutschland gingen an den Start und spielten zun\u00e4chst in einer Gruppenphase.<br \/>Die Top 16 des Turniers duellierten sich in der KO-Phase mit immer l\u00e4nger werdenden Spieldistanzen.<\/span><\/p><p>Halbfinale:\u00a0<br \/>Markus Ke\u00dfler vs. Sven Hesse<br \/>Ren\u00e9 Pohl vs. Manuel Gutjahr<\/p><p>Finale:<br \/>Markus Ke\u00dfler vs. Manuel Gutjahr<\/p><p>Sieger:\u00a0<br \/>Markus Ke\u00dfler<\/p>\t\t\t\t\t\t\t\t<\/div>\n\t\t\t\t<\/div>\n\t\t\t\t\t<\/div>\n\t\t<\/div>\n\t\t\t\t\t<\/div>\n\t\t<\/section>\n\t\t\t\t<\/div>\n\t\t","protected":false},"excerpt":{"rendered":"<p>GUTZ DC WM Aufgrund der Corona-Pandemie wurde dieses Turnier im Online Format \u00fcber drei Wochen gespielt.\u00a040 Teilnehmer aus ganz Deutschland gingen an den Start und spielten zun\u00e4chst in einer Gruppenphase.Die Top 16 des Turniers duellierten sich in der KO-Phase mit immer l\u00e4nger werdenden Spieldistanzen. Halbfinale:\u00a0Markus Ke\u00dfler vs. Sven HesseRen\u00e9 Pohl vs. Manuel Gutjahr Finale:Markus Ke\u00dfler vs. Manuel Gutjahr Sieger:\u00a0Markus Ke\u00dfler<\/p>\n","protected":false},"author":1,"featured_media":0,"parent":0,"menu_order":0,"comment_status":"closed","ping_status":"closed","template":"","meta":{"footnotes":""},"class_list":["post-838","page","type-page","status-publish","hentry"],"jetpack_sharing_enabled":true,"_links":{"self":[{"href":"https:\/\/gutz-dc.de\/index.php\/wp-json\/wp\/v2\/pages\/838","targetHints":{"allow":["GET"]}}],"collection":[{"href":"https:\/\/gutz-dc.de\/index.php\/wp-json\/wp\/v2\/pages"}],"about":[{"href":"https:\/\/gutz-dc.de\/index.php\/wp-json\/wp\/v2\/types\/page"}],"author":[{"embeddable":true,"href":"https:\/\/gutz-dc.de\/index.php\/wp-json\/wp\/v2\/users\/1"}],"replies":[{"embeddable":true,"href":"https:\/\/gutz-dc.de\/index.php\/wp-json\/wp\/v2\/comments?post=838"}],"version-history":[{"count":7,"href":"https:\/\/gutz-dc.de\/index.php\/wp-json\/wp\/v2\/pages\/838\/revisions"}],"predecessor-version":[{"id":895,"href":"https:\/\/gutz-dc.de\/index.php\/wp-json\/wp\/v2\/pages\/838\/revisions\/895"}],"wp:attachment":[{"href":"https:\/\/gutz-dc.de\/index.php\/wp-json\/wp\/v2\/media?parent=838"}],"curies":[{"name":"wp","href":"https:\/\/api.w.org\/{rel}","templated":true}]}}